{"id":79,"date":"2023-03-09T02:31:51","date_gmt":"2023-03-09T02:31:51","guid":{"rendered":"https:\/\/demoapus1.com\/nerf\/?page_id=79"},"modified":"2025-06-02T10:44:52","modified_gmt":"2025-06-02T10:44:52","slug":"sss","status":"publish","type":"page","link":"https:\/\/www.abantforlife.com.tr\/index.php\/sss\/","title":{"rendered":"S\u0131k\u00e7a Sorulan Sorular"},"content":{"rendered":"\t\t<div data-elementor-type=\"wp-page\" data-elementor-id=\"79\" class=\"elementor elementor-79\">\n\t\t\t\t<div class=\"elementor-element elementor-element-46367cc e-con-full e-flex e-con e-parent\" data-id=\"46367cc\" data-element_type=\"container\" data-e-type=\"container\" data-settings=\"{&quot;background_background&quot;:&quot;classic&quot;}\">\n\t\t\t\t<\/div>\n\t\t\t\t<section class=\"elementor-section elementor-top-section elementor-element elementor-element-e3c4e3f elementor-section-stretched elementor-section-boxed elementor-section-height-default elementor-section-height-default\" data-id=\"e3c4e3f\" data-element_type=\"section\" data-e-type=\"section\" data-settings=\"{&quot;stretch_section&quot;:&quot;section-stretched&quot;}\">\n\t\t\t\t\t\t<div class=\"elementor-container elementor-column-gap-extended\">\n\t\t\t\t\t<div class=\"elementor-column elementor-col-100 elementor-top-column elementor-element elementor-element-ea5328a\" data-id=\"ea5328a\" data-element_type=\"column\" data-e-type=\"column\">\n\t\t\t<div class=\"elementor-widget-wrap elementor-element-populated\">\n\t\t\t\t\t\t<div class=\"elementor-element elementor-element-78a77da elementor-invisible elementor-widget elementor-widget-heading\" data-id=\"78a77da\" data-element_type=\"widget\" data-e-type=\"widget\" data-settings=\"{&quot;_animation&quot;:&quot;slide-up&quot;}\" data-widget_type=\"heading.default\">\n\t\t\t\t<div class=\"elementor-widget-container\">\n\t\t\t\t\t<h2 class=\"elementor-heading-title elementor-size-default\"><span class=\"text-theme\">S\u0131k\u00e7a Sorulan Sorular<\/span> (SSS)<\/h2>\t\t\t\t<\/div>\n\t\t\t\t<\/div>\n\t\t\t\t<div class=\"elementor-element elementor-element-8cf3063 elementor-invisible elementor-widget elementor-widget-accordion\" data-id=\"8cf3063\" data-element_type=\"widget\" data-e-type=\"widget\" data-settings=\"{&quot;_animation&quot;:&quot;slide-up&quot;}\" data-widget_type=\"accordion.default\">\n\t\t\t\t<div class=\"elementor-widget-container\">\n\t\t\t\t\t\t\t<div class=\"elementor-accordion\">\n\t\t\t\t\t\t\t<div class=\"elementor-accordion-item\">\n\t\t\t\t\t<div id=\"elementor-tab-title-1471\" class=\"elementor-tab-title\" data-tab=\"1\" role=\"button\" aria-controls=\"elementor-tab-content-1471\" aria-expanded=\"false\">\n\t\t\t\t\t\t\t\t\t\t\t\t\t<span class=\"elementor-accordion-icon elementor-accordion-icon-right\" aria-hidden=\"true\">\n\t\t\t\t\t\t\t\t\t\t\t\t\t\t\t<span class=\"elementor-accordion-icon-closed\"><svg xmlns=\"http:\/\/www.w3.org\/2000\/svg\" width=\"28\" height=\"28\" viewBox=\"0 0 28 28\" fill=\"none\"><circle cx=\"14\" cy=\"14\" r=\"13.5\" stroke=\"#C29F7B\"><\/circle><path d=\"M9 13.5H19V14.5H9V13.5Z\" fill=\"#C29F7B\"><\/path><path d=\"M13.5 19L13.5 9L14.5 9L14.5 19H13.5Z\" fill=\"#C29F7B\"><\/path><\/svg><\/span>\n\t\t\t\t\t\t\t\t<span class=\"elementor-accordion-icon-opened\"><svg xmlns=\"http:\/\/www.w3.org\/2000\/svg\" width=\"28\" height=\"28\" viewBox=\"0 0 28 28\" fill=\"none\"><circle cx=\"14\" cy=\"14\" r=\"13.5\" stroke=\"#C29F7B\"><\/circle><path d=\"M9 13.5H19V14.5H9V13.5Z\" fill=\"#C29F7B\"><\/path><\/svg><\/span>\n\t\t\t\t\t\t\t\t\t\t\t\t\t\t<\/span>\n\t\t\t\t\t\t\t\t\t\t\t\t<a class=\"elementor-accordion-title\" tabindex=\"0\">1. Devre tatil nedir?<\/a>\n\t\t\t\t\t<\/div>\n\t\t\t\t\t<div id=\"elementor-tab-content-1471\" class=\"elementor-tab-content elementor-clearfix\" data-tab=\"1\" role=\"region\" aria-labelledby=\"elementor-tab-title-1471\"><p class=\"p1\">Devre tatil, bir gayrimenkul\u00fcn y\u0131l\u0131n belirli bir haftas\u0131 i\u00e7in, tapulu kullan\u0131m hakk\u0131n\u0131n size ait olmas\u0131d\u0131r. Her y\u0131l ayn\u0131 d\u00f6nemde, ayn\u0131 odada tatil yapman\u0131z\u0131 sa\u011flar. Abant For Life devre tatilleri noter onayl\u0131d\u0131r ve \u00f6m\u00fcr boyu ge\u00e7erlidir.<\/p><\/div>\n\t\t\t\t<\/div>\n\t\t\t\t\t\t\t<div class=\"elementor-accordion-item\">\n\t\t\t\t\t<div id=\"elementor-tab-title-1472\" class=\"elementor-tab-title\" data-tab=\"2\" role=\"button\" aria-controls=\"elementor-tab-content-1472\" aria-expanded=\"false\">\n\t\t\t\t\t\t\t\t\t\t\t\t\t<span class=\"elementor-accordion-icon elementor-accordion-icon-right\" aria-hidden=\"true\">\n\t\t\t\t\t\t\t\t\t\t\t\t\t\t\t<span class=\"elementor-accordion-icon-closed\"><svg xmlns=\"http:\/\/www.w3.org\/2000\/svg\" width=\"28\" height=\"28\" viewBox=\"0 0 28 28\" fill=\"none\"><circle cx=\"14\" cy=\"14\" r=\"13.5\" stroke=\"#C29F7B\"><\/circle><path d=\"M9 13.5H19V14.5H9V13.5Z\" fill=\"#C29F7B\"><\/path><path d=\"M13.5 19L13.5 9L14.5 9L14.5 19H13.5Z\" fill=\"#C29F7B\"><\/path><\/svg><\/span>\n\t\t\t\t\t\t\t\t<span class=\"elementor-accordion-icon-opened\"><svg xmlns=\"http:\/\/www.w3.org\/2000\/svg\" width=\"28\" height=\"28\" viewBox=\"0 0 28 28\" fill=\"none\"><circle cx=\"14\" cy=\"14\" r=\"13.5\" stroke=\"#C29F7B\"><\/circle><path d=\"M9 13.5H19V14.5H9V13.5Z\" fill=\"#C29F7B\"><\/path><\/svg><\/span>\n\t\t\t\t\t\t\t\t\t\t\t\t\t\t<\/span>\n\t\t\t\t\t\t\t\t\t\t\t\t<a class=\"elementor-accordion-title\" tabindex=\"0\">2. Devre tatil sat\u0131n ald\u0131ktan sonra tapu veriliyor mu?<\/a>\n\t\t\t\t\t<\/div>\n\t\t\t\t\t<div id=\"elementor-tab-content-1472\" class=\"elementor-tab-content elementor-clearfix\" data-tab=\"2\" role=\"region\" aria-labelledby=\"elementor-tab-title-1472\"><p class=\"p1\">Abant For Life devre tatilleri <b>s\u00f6zle\u015fme ile sat\u0131l\u0131r<\/b>. Sat\u0131n ald\u0131\u011f\u0131n\u0131zda sizin ad\u0131n\u0131za d\u00fczenlenmi\u015f resmi s\u00f6zle\u015fme belgeniz olur. Bu s\u00f6zle\u015fme belgesi miras b\u0131rak\u0131labilir veya devredilebilir.<\/p><\/div>\n\t\t\t\t<\/div>\n\t\t\t\t\t\t\t<div class=\"elementor-accordion-item\">\n\t\t\t\t\t<div id=\"elementor-tab-title-1473\" class=\"elementor-tab-title\" data-tab=\"3\" role=\"button\" aria-controls=\"elementor-tab-content-1473\" aria-expanded=\"false\">\n\t\t\t\t\t\t\t\t\t\t\t\t\t<span class=\"elementor-accordion-icon elementor-accordion-icon-right\" aria-hidden=\"true\">\n\t\t\t\t\t\t\t\t\t\t\t\t\t\t\t<span class=\"elementor-accordion-icon-closed\"><svg xmlns=\"http:\/\/www.w3.org\/2000\/svg\" width=\"28\" height=\"28\" viewBox=\"0 0 28 28\" fill=\"none\"><circle cx=\"14\" cy=\"14\" r=\"13.5\" stroke=\"#C29F7B\"><\/circle><path d=\"M9 13.5H19V14.5H9V13.5Z\" fill=\"#C29F7B\"><\/path><path d=\"M13.5 19L13.5 9L14.5 9L14.5 19H13.5Z\" fill=\"#C29F7B\"><\/path><\/svg><\/span>\n\t\t\t\t\t\t\t\t<span class=\"elementor-accordion-icon-opened\"><svg xmlns=\"http:\/\/www.w3.org\/2000\/svg\" width=\"28\" height=\"28\" viewBox=\"0 0 28 28\" fill=\"none\"><circle cx=\"14\" cy=\"14\" r=\"13.5\" stroke=\"#C29F7B\"><\/circle><path d=\"M9 13.5H19V14.5H9V13.5Z\" fill=\"#C29F7B\"><\/path><\/svg><\/span>\n\t\t\t\t\t\t\t\t\t\t\t\t\t\t<\/span>\n\t\t\t\t\t\t\t\t\t\t\t\t<a class=\"elementor-accordion-title\" tabindex=\"0\">3. Her y\u0131l ayn\u0131 odada m\u0131 kal\u0131yorum?<\/a>\n\t\t\t\t\t<\/div>\n\t\t\t\t\t<div id=\"elementor-tab-content-1473\" class=\"elementor-tab-content elementor-clearfix\" data-tab=\"3\" role=\"region\" aria-labelledby=\"elementor-tab-title-1473\"><p class=\"p1\">Evet, sistem size her y\u0131l ayn\u0131 hafta ve ayn\u0131 oday\u0131 kullanma hakk\u0131 sunar. B\u00f6ylece al\u0131\u015ft\u0131\u011f\u0131n\u0131z konforu her y\u0131l tekrar ya\u015fars\u0131n\u0131z.<\/p><\/div>\n\t\t\t\t<\/div>\n\t\t\t\t\t\t\t<div class=\"elementor-accordion-item\">\n\t\t\t\t\t<div id=\"elementor-tab-title-1474\" class=\"elementor-tab-title\" data-tab=\"4\" role=\"button\" aria-controls=\"elementor-tab-content-1474\" aria-expanded=\"false\">\n\t\t\t\t\t\t\t\t\t\t\t\t\t<span class=\"elementor-accordion-icon elementor-accordion-icon-right\" aria-hidden=\"true\">\n\t\t\t\t\t\t\t\t\t\t\t\t\t\t\t<span class=\"elementor-accordion-icon-closed\"><svg xmlns=\"http:\/\/www.w3.org\/2000\/svg\" width=\"28\" height=\"28\" viewBox=\"0 0 28 28\" fill=\"none\"><circle cx=\"14\" cy=\"14\" r=\"13.5\" stroke=\"#C29F7B\"><\/circle><path d=\"M9 13.5H19V14.5H9V13.5Z\" fill=\"#C29F7B\"><\/path><path d=\"M13.5 19L13.5 9L14.5 9L14.5 19H13.5Z\" fill=\"#C29F7B\"><\/path><\/svg><\/span>\n\t\t\t\t\t\t\t\t<span class=\"elementor-accordion-icon-opened\"><svg xmlns=\"http:\/\/www.w3.org\/2000\/svg\" width=\"28\" height=\"28\" viewBox=\"0 0 28 28\" fill=\"none\"><circle cx=\"14\" cy=\"14\" r=\"13.5\" stroke=\"#C29F7B\"><\/circle><path d=\"M9 13.5H19V14.5H9V13.5Z\" fill=\"#C29F7B\"><\/path><\/svg><\/span>\n\t\t\t\t\t\t\t\t\t\t\t\t\t\t<\/span>\n\t\t\t\t\t\t\t\t\t\t\t\t<a class=\"elementor-accordion-title\" tabindex=\"0\">4. Odam\u0131 ba\u015fka birine kiraya verebilir miyim?<\/a>\n\t\t\t\t\t<\/div>\n\t\t\t\t\t<div id=\"elementor-tab-content-1474\" class=\"elementor-tab-content elementor-clearfix\" data-tab=\"4\" role=\"region\" aria-labelledby=\"elementor-tab-title-1474\"><p class=\"p1\">Evet, devre tatilinizi dilerseniz kiraya verebilir, sevdiklerinize hediye edebilir veya miras b\u0131rakabilirsiniz. Tamamen sizin tatilinizdir.<\/p><\/div>\n\t\t\t\t<\/div>\n\t\t\t\t\t\t\t<div class=\"elementor-accordion-item\">\n\t\t\t\t\t<div id=\"elementor-tab-title-1475\" class=\"elementor-tab-title\" data-tab=\"5\" role=\"button\" aria-controls=\"elementor-tab-content-1475\" aria-expanded=\"false\">\n\t\t\t\t\t\t\t\t\t\t\t\t\t<span class=\"elementor-accordion-icon elementor-accordion-icon-right\" aria-hidden=\"true\">\n\t\t\t\t\t\t\t\t\t\t\t\t\t\t\t<span class=\"elementor-accordion-icon-closed\"><svg xmlns=\"http:\/\/www.w3.org\/2000\/svg\" width=\"28\" height=\"28\" viewBox=\"0 0 28 28\" fill=\"none\"><circle cx=\"14\" cy=\"14\" r=\"13.5\" stroke=\"#C29F7B\"><\/circle><path d=\"M9 13.5H19V14.5H9V13.5Z\" fill=\"#C29F7B\"><\/path><path d=\"M13.5 19L13.5 9L14.5 9L14.5 19H13.5Z\" fill=\"#C29F7B\"><\/path><\/svg><\/span>\n\t\t\t\t\t\t\t\t<span class=\"elementor-accordion-icon-opened\"><svg xmlns=\"http:\/\/www.w3.org\/2000\/svg\" width=\"28\" height=\"28\" viewBox=\"0 0 28 28\" fill=\"none\"><circle cx=\"14\" cy=\"14\" r=\"13.5\" stroke=\"#C29F7B\"><\/circle><path d=\"M9 13.5H19V14.5H9V13.5Z\" fill=\"#C29F7B\"><\/path><\/svg><\/span>\n\t\t\t\t\t\t\t\t\t\t\t\t\t\t<\/span>\n\t\t\t\t\t\t\t\t\t\t\t\t<a class=\"elementor-accordion-title\" tabindex=\"0\">5. Hangi haftalar\u0131 sat\u0131n alabilirim?<\/a>\n\t\t\t\t\t<\/div>\n\t\t\t\t\t<div id=\"elementor-tab-content-1475\" class=\"elementor-tab-content elementor-clearfix\" data-tab=\"5\" role=\"region\" aria-labelledby=\"elementor-tab-title-1475\"><p class=\"p1\">Y\u0131l\u0131n 52 haftas\u0131 sat\u0131\u015fa a\u00e7\u0131kt\u0131r. Size en uygun haftay\u0131 se\u00e7ebilir, her y\u0131l o tarihlerde konaklama hakk\u0131na sahip olabilirsiniz.<\/p><\/div>\n\t\t\t\t<\/div>\n\t\t\t\t\t\t\t<div class=\"elementor-accordion-item\">\n\t\t\t\t\t<div id=\"elementor-tab-title-1476\" class=\"elementor-tab-title\" data-tab=\"6\" role=\"button\" aria-controls=\"elementor-tab-content-1476\" aria-expanded=\"false\">\n\t\t\t\t\t\t\t\t\t\t\t\t\t<span class=\"elementor-accordion-icon elementor-accordion-icon-right\" aria-hidden=\"true\">\n\t\t\t\t\t\t\t\t\t\t\t\t\t\t\t<span class=\"elementor-accordion-icon-closed\"><svg xmlns=\"http:\/\/www.w3.org\/2000\/svg\" width=\"28\" height=\"28\" viewBox=\"0 0 28 28\" fill=\"none\"><circle cx=\"14\" cy=\"14\" r=\"13.5\" stroke=\"#C29F7B\"><\/circle><path d=\"M9 13.5H19V14.5H9V13.5Z\" fill=\"#C29F7B\"><\/path><path d=\"M13.5 19L13.5 9L14.5 9L14.5 19H13.5Z\" fill=\"#C29F7B\"><\/path><\/svg><\/span>\n\t\t\t\t\t\t\t\t<span class=\"elementor-accordion-icon-opened\"><svg xmlns=\"http:\/\/www.w3.org\/2000\/svg\" width=\"28\" height=\"28\" viewBox=\"0 0 28 28\" fill=\"none\"><circle cx=\"14\" cy=\"14\" r=\"13.5\" stroke=\"#C29F7B\"><\/circle><path d=\"M9 13.5H19V14.5H9V13.5Z\" fill=\"#C29F7B\"><\/path><\/svg><\/span>\n\t\t\t\t\t\t\t\t\t\t\t\t\t\t<\/span>\n\t\t\t\t\t\t\t\t\t\t\t\t<a class=\"elementor-accordion-title\" tabindex=\"0\">6. Ortak kullan\u0131m alanlar\u0131 var m\u0131?<\/a>\n\t\t\t\t\t<\/div>\n\t\t\t\t\t<div id=\"elementor-tab-content-1476\" class=\"elementor-tab-content elementor-clearfix\" data-tab=\"6\" role=\"region\" aria-labelledby=\"elementor-tab-title-1476\"><p>Evet. Tesis i\u00e7erisinde restoran, spa, y\u00fcr\u00fcy\u00fc\u015f parkurlar\u0131, \u015f\u00f6mine alanlar\u0131 ve \u00e7ocuk oyun alan\u0131 gibi ortak kullan\u0131m alanlar\u0131 mevcuttur. Bu alanlardan t\u00fcm devre tatil sahipleri faydalanabilir.<\/p><\/div>\n\t\t\t\t<\/div>\n\t\t\t\t\t\t\t<div class=\"elementor-accordion-item\">\n\t\t\t\t\t<div id=\"elementor-tab-title-1477\" class=\"elementor-tab-title\" data-tab=\"7\" role=\"button\" aria-controls=\"elementor-tab-content-1477\" aria-expanded=\"false\">\n\t\t\t\t\t\t\t\t\t\t\t\t\t<span class=\"elementor-accordion-icon elementor-accordion-icon-right\" aria-hidden=\"true\">\n\t\t\t\t\t\t\t\t\t\t\t\t\t\t\t<span class=\"elementor-accordion-icon-closed\"><svg xmlns=\"http:\/\/www.w3.org\/2000\/svg\" width=\"28\" height=\"28\" viewBox=\"0 0 28 28\" fill=\"none\"><circle cx=\"14\" cy=\"14\" r=\"13.5\" stroke=\"#C29F7B\"><\/circle><path d=\"M9 13.5H19V14.5H9V13.5Z\" fill=\"#C29F7B\"><\/path><path d=\"M13.5 19L13.5 9L14.5 9L14.5 19H13.5Z\" fill=\"#C29F7B\"><\/path><\/svg><\/span>\n\t\t\t\t\t\t\t\t<span class=\"elementor-accordion-icon-opened\"><svg xmlns=\"http:\/\/www.w3.org\/2000\/svg\" width=\"28\" height=\"28\" viewBox=\"0 0 28 28\" fill=\"none\"><circle cx=\"14\" cy=\"14\" r=\"13.5\" stroke=\"#C29F7B\"><\/circle><path d=\"M9 13.5H19V14.5H9V13.5Z\" fill=\"#C29F7B\"><\/path><\/svg><\/span>\n\t\t\t\t\t\t\t\t\t\t\t\t\t\t<\/span>\n\t\t\t\t\t\t\t\t\t\t\t\t<a class=\"elementor-accordion-title\" tabindex=\"0\">7. Aidat \u00f6demesi var m\u0131?<\/a>\n\t\t\t\t\t<\/div>\n\t\t\t\t\t<div id=\"elementor-tab-content-1477\" class=\"elementor-tab-content elementor-clearfix\" data-tab=\"7\" role=\"region\" aria-labelledby=\"elementor-tab-title-1477\"><p class=\"p1\">Evet, her y\u0131l k\u00fc\u00e7\u00fck bir bak\u0131m ve hizmet gideri kar\u015f\u0131l\u0131\u011f\u0131nda aidat \u00f6denir. Bu aidat, ortak alanlar\u0131n bak\u0131m\u0131 ve temizlik gibi hizmetler i\u00e7in kullan\u0131l\u0131r.<\/p><\/div>\n\t\t\t\t<\/div>\n\t\t\t\t\t\t\t<div class=\"elementor-accordion-item\">\n\t\t\t\t\t<div id=\"elementor-tab-title-1478\" class=\"elementor-tab-title\" data-tab=\"8\" role=\"button\" aria-controls=\"elementor-tab-content-1478\" aria-expanded=\"false\">\n\t\t\t\t\t\t\t\t\t\t\t\t\t<span class=\"elementor-accordion-icon elementor-accordion-icon-right\" aria-hidden=\"true\">\n\t\t\t\t\t\t\t\t\t\t\t\t\t\t\t<span class=\"elementor-accordion-icon-closed\"><svg xmlns=\"http:\/\/www.w3.org\/2000\/svg\" width=\"28\" height=\"28\" viewBox=\"0 0 28 28\" fill=\"none\"><circle cx=\"14\" cy=\"14\" r=\"13.5\" stroke=\"#C29F7B\"><\/circle><path d=\"M9 13.5H19V14.5H9V13.5Z\" fill=\"#C29F7B\"><\/path><path d=\"M13.5 19L13.5 9L14.5 9L14.5 19H13.5Z\" fill=\"#C29F7B\"><\/path><\/svg><\/span>\n\t\t\t\t\t\t\t\t<span class=\"elementor-accordion-icon-opened\"><svg xmlns=\"http:\/\/www.w3.org\/2000\/svg\" width=\"28\" height=\"28\" viewBox=\"0 0 28 28\" fill=\"none\"><circle cx=\"14\" cy=\"14\" r=\"13.5\" stroke=\"#C29F7B\"><\/circle><path d=\"M9 13.5H19V14.5H9V13.5Z\" fill=\"#C29F7B\"><\/path><\/svg><\/span>\n\t\t\t\t\t\t\t\t\t\t\t\t\t\t<\/span>\n\t\t\t\t\t\t\t\t\t\t\t\t<a class=\"elementor-accordion-title\" tabindex=\"0\">8. Devre tatil yat\u0131r\u0131m amac\u0131yla al\u0131nabilir mi?<\/a>\n\t\t\t\t\t<\/div>\n\t\t\t\t\t<div id=\"elementor-tab-content-1478\" class=\"elementor-tab-content elementor-clearfix\" data-tab=\"8\" role=\"region\" aria-labelledby=\"elementor-tab-title-1478\"><p class=\"p1\">Kesinlikle evet. Abant For Life, hem d\u00fczenli tatil hakk\u0131 hem de de\u011fer kazanan bir yat\u0131r\u0131m f\u0131rsat\u0131 sunar. \u00d6zellikle y\u00fcksek sezon haftalar\u0131 kiralama a\u00e7\u0131s\u0131ndan y\u00fcksek getiri sa\u011flayabilir.<\/p><\/div>\n\t\t\t\t<\/div>\n\t\t\t\t\t\t\t<div class=\"elementor-accordion-item\">\n\t\t\t\t\t<div id=\"elementor-tab-title-1479\" class=\"elementor-tab-title\" data-tab=\"9\" role=\"button\" aria-controls=\"elementor-tab-content-1479\" aria-expanded=\"false\">\n\t\t\t\t\t\t\t\t\t\t\t\t\t<span class=\"elementor-accordion-icon elementor-accordion-icon-right\" aria-hidden=\"true\">\n\t\t\t\t\t\t\t\t\t\t\t\t\t\t\t<span class=\"elementor-accordion-icon-closed\"><svg xmlns=\"http:\/\/www.w3.org\/2000\/svg\" width=\"28\" height=\"28\" viewBox=\"0 0 28 28\" fill=\"none\"><circle cx=\"14\" cy=\"14\" r=\"13.5\" stroke=\"#C29F7B\"><\/circle><path d=\"M9 13.5H19V14.5H9V13.5Z\" fill=\"#C29F7B\"><\/path><path d=\"M13.5 19L13.5 9L14.5 9L14.5 19H13.5Z\" fill=\"#C29F7B\"><\/path><\/svg><\/span>\n\t\t\t\t\t\t\t\t<span class=\"elementor-accordion-icon-opened\"><svg xmlns=\"http:\/\/www.w3.org\/2000\/svg\" width=\"28\" height=\"28\" viewBox=\"0 0 28 28\" fill=\"none\"><circle cx=\"14\" cy=\"14\" r=\"13.5\" stroke=\"#C29F7B\"><\/circle><path d=\"M9 13.5H19V14.5H9V13.5Z\" fill=\"#C29F7B\"><\/path><\/svg><\/span>\n\t\t\t\t\t\t\t\t\t\t\t\t\t\t<\/span>\n\t\t\t\t\t\t\t\t\t\t\t\t<a class=\"elementor-accordion-title\" tabindex=\"0\">9. Abant For Life nerede?<\/a>\n\t\t\t\t\t<\/div>\n\t\t\t\t\t<div id=\"elementor-tab-content-1479\" class=\"elementor-tab-content elementor-clearfix\" data-tab=\"9\" role=\"region\" aria-labelledby=\"elementor-tab-title-1479\"><p class=\"p1\">Projemiz, Bolu\u2019nun Abant G\u00f6l\u00fc b\u00f6lgesine olduk\u00e7a yak\u0131n, do\u011fayla i\u00e7 i\u00e7e konumlanm\u0131\u015ft\u0131r. Harita \u00fczerinden a\u00e7\u0131k konum bilgisine web sitemizden ula\u015fabilirsiniz.<\/p><\/div>\n\t\t\t\t<\/div>\n\t\t\t\t\t\t\t<div class=\"elementor-accordion-item\">\n\t\t\t\t\t<div id=\"elementor-tab-title-14710\" class=\"elementor-tab-title\" data-tab=\"10\" role=\"button\" aria-controls=\"elementor-tab-content-14710\" aria-expanded=\"false\">\n\t\t\t\t\t\t\t\t\t\t\t\t\t<span class=\"elementor-accordion-icon elementor-accordion-icon-right\" aria-hidden=\"true\">\n\t\t\t\t\t\t\t\t\t\t\t\t\t\t\t<span class=\"elementor-accordion-icon-closed\"><svg xmlns=\"http:\/\/www.w3.org\/2000\/svg\" width=\"28\" height=\"28\" viewBox=\"0 0 28 28\" fill=\"none\"><circle cx=\"14\" cy=\"14\" r=\"13.5\" stroke=\"#C29F7B\"><\/circle><path d=\"M9 13.5H19V14.5H9V13.5Z\" fill=\"#C29F7B\"><\/path><path d=\"M13.5 19L13.5 9L14.5 9L14.5 19H13.5Z\" fill=\"#C29F7B\"><\/path><\/svg><\/span>\n\t\t\t\t\t\t\t\t<span class=\"elementor-accordion-icon-opened\"><svg xmlns=\"http:\/\/www.w3.org\/2000\/svg\" width=\"28\" height=\"28\" viewBox=\"0 0 28 28\" fill=\"none\"><circle cx=\"14\" cy=\"14\" r=\"13.5\" stroke=\"#C29F7B\"><\/circle><path d=\"M9 13.5H19V14.5H9V13.5Z\" fill=\"#C29F7B\"><\/path><\/svg><\/span>\n\t\t\t\t\t\t\t\t\t\t\t\t\t\t<\/span>\n\t\t\t\t\t\t\t\t\t\t\t\t<a class=\"elementor-accordion-title\" tabindex=\"0\">10. Sat\u0131n alma s\u00fcreci nas\u0131l i\u015fliyor?<\/a>\n\t\t\t\t\t<\/div>\n\t\t\t\t\t<div id=\"elementor-tab-content-14710\" class=\"elementor-tab-content elementor-clearfix\" data-tab=\"10\" role=\"region\" aria-labelledby=\"elementor-tab-title-14710\"><p class=\"p1\">Size en uygun hafta ve oda se\u00e7ilir. Sat\u0131\u015f s\u00f6zle\u015fmesi ve noter i\u015flemleri tamamland\u0131ktan sonra s\u00f6zle\u015fme belgeniz taraf\u0131n\u0131za teslim edilir. Bundan sonra her y\u0131l tatiliniz garanti alt\u0131ndad\u0131r.<\/p><\/div>\n\t\t\t\t<\/div>\n\t\t\t\t\t\t\t\t<\/div>\n\t\t\t\t\t\t<\/div>\n\t\t\t\t<\/div>\n\t\t\t\t\t<\/div>\n\t\t<\/div>\n\t\t\t\t\t<\/div>\n\t\t<\/section>\n\t\t\t\t<\/div>\n\t\t","protected":false},"excerpt":{"rendered":"<p>S\u0131k\u00e7a Sorulan Sorular (SSS) 1. Devre tatil nedir? Devre tatil, bir gayrimenkul\u00fcn y\u0131l\u0131n belirli bir haftas\u0131 i\u00e7in, tapulu kullan\u0131m hakk\u0131n\u0131n size ait olmas\u0131d\u0131r. Her y\u0131l ayn\u0131 d\u00f6nemde, ayn\u0131 odada tatil yapman\u0131z\u0131 sa\u011flar. Abant For Life devre tatilleri noter onayl\u0131d\u0131r ve \u00f6m\u00fcr boyu ge\u00e7erlidir. 2. Devre tatil sat\u0131n ald\u0131ktan sonra tapu veriliyor mu? Abant For Life [&hellip;]<\/p>\n","protected":false},"author":1,"featured_media":6497,"parent":0,"menu_order":0,"comment_status":"closed","ping_status":"closed","template":"elementor_header_footer","meta":{"_monsterinsights_skip_tracking":false,"_monsterinsights_sitenote_active":false,"_monsterinsights_sitenote_note":"","_monsterinsights_sitenote_category":0,"footnotes":""},"class_list":["post-79","page","type-page","status-publish","has-post-thumbnail","hentry"],"aioseo_notices":[],"_links":{"self":[{"href":"https:\/\/www.abantforlife.com.tr\/index.php\/wp-json\/wp\/v2\/pages\/79","targetHints":{"allow":["GET"]}}],"collection":[{"href":"https:\/\/www.abantforlife.com.tr\/index.php\/wp-json\/wp\/v2\/pages"}],"about":[{"href":"https:\/\/www.abantforlife.com.tr\/index.php\/wp-json\/wp\/v2\/types\/page"}],"author":[{"embeddable":true,"href":"https:\/\/www.abantforlife.com.tr\/index.php\/wp-json\/wp\/v2\/users\/1"}],"replies":[{"embeddable":true,"href":"https:\/\/www.abantforlife.com.tr\/index.php\/wp-json\/wp\/v2\/comments?post=79"}],"version-history":[{"count":13,"href":"https:\/\/www.abantforlife.com.tr\/index.php\/wp-json\/wp\/v2\/pages\/79\/revisions"}],"predecessor-version":[{"id":6603,"href":"https:\/\/www.abantforlife.com.tr\/index.php\/wp-json\/wp\/v2\/pages\/79\/revisions\/6603"}],"wp:featuredmedia":[{"embeddable":true,"href":"https:\/\/www.abantforlife.com.tr\/index.php\/wp-json\/wp\/v2\/media\/6497"}],"wp:attachment":[{"href":"https:\/\/www.abantforlife.com.tr\/index.php\/wp-json\/wp\/v2\/media?parent=79"}],"curies":[{"name":"wp","href":"https:\/\/api.w.org\/{rel}","templated":true}]}}