{"id":77,"date":"2023-03-09T02:31:32","date_gmt":"2023-03-09T02:31:32","guid":{"rendered":"https:\/\/demoapus1.com\/nerf\/?page_id=77"},"modified":"2025-07-06T00:38:22","modified_gmt":"2025-07-06T00:38:22","slug":"aktiviteler","status":"publish","type":"page","link":"https:\/\/www.abantforlife.com.tr\/index.php\/aktiviteler\/","title":{"rendered":"Aktiviteler"},"content":{"rendered":"\t\t<div data-elementor-type=\"wp-page\" data-elementor-id=\"77\" class=\"elementor elementor-77\">\n\t\t\t\t<div class=\"elementor-element elementor-element-5e69ae0 e-con-full e-flex e-con e-parent\" data-id=\"5e69ae0\" data-element_type=\"container\" data-e-type=\"container\" data-settings=\"{&quot;background_background&quot;:&quot;classic&quot;}\">\n\t\t\t\t<\/div>\n\t\t\t\t<section class=\"elementor-section elementor-top-section elementor-element elementor-element-2838cb6 elementor-section-content-middle elementor-section-boxed elementor-section-height-default elementor-section-height-default\" data-id=\"2838cb6\" data-element_type=\"section\" data-e-type=\"section\">\n\t\t\t\t\t\t<div class=\"elementor-container elementor-column-gap-extended\">\n\t\t\t\t\t<div class=\"elementor-column elementor-col-50 elementor-top-column elementor-element elementor-element-d02ac81\" data-id=\"d02ac81\" data-element_type=\"column\" data-e-type=\"column\">\n\t\t\t<div class=\"elementor-widget-wrap elementor-element-populated\">\n\t\t\t\t\t\t<div class=\"elementor-element elementor-element-726a5c2 elementor-invisible elementor-widget elementor-widget-image\" data-id=\"726a5c2\" data-element_type=\"widget\" data-e-type=\"widget\" data-settings=\"{&quot;_animation&quot;:&quot;slide-right&quot;}\" data-widget_type=\"image.default\">\n\t\t\t\t<div class=\"elementor-widget-container\">\n\t\t\t\t\t\t\t\t\t\t\t\t\t\t\t<img fetchpriority=\"high\" decoding=\"async\" width=\"900\" height=\"960\" src=\"https:\/\/www.abantforlife.com.tr\/wp-content\/uploads\/2025\/05\/abantforlife-restoran.jpg\" class=\"attachment-full size-full wp-image-6268\" alt=\"abantforlife-restoran\" srcset=\"https:\/\/www.abantforlife.com.tr\/wp-content\/uploads\/2025\/05\/abantforlife-restoran.jpg 900w, https:\/\/www.abantforlife.com.tr\/wp-content\/uploads\/2025\/05\/abantforlife-restoran-281x300.jpg 281w, https:\/\/www.abantforlife.com.tr\/wp-content\/uploads\/2025\/05\/abantforlife-restoran-768x819.jpg 768w\" sizes=\"(max-width: 900px) 100vw, 900px\" \/>\t\t\t\t\t\t\t\t\t\t\t\t\t\t\t<\/div>\n\t\t\t\t<\/div>\n\t\t\t\t\t<\/div>\n\t\t<\/div>\n\t\t\t\t<div class=\"elementor-column elementor-col-50 elementor-top-column elementor-element elementor-element-b974c28\" data-id=\"b974c28\" data-element_type=\"column\" data-e-type=\"column\">\n\t\t\t<div class=\"elementor-widget-wrap elementor-element-populated\">\n\t\t\t\t\t\t<div class=\"elementor-element elementor-element-571b021 elementor-invisible elementor-widget elementor-widget-heading\" data-id=\"571b021\" data-element_type=\"widget\" data-e-type=\"widget\" data-settings=\"{&quot;_animation&quot;:&quot;slide-left&quot;,&quot;_animation_delay&quot;:100}\" data-widget_type=\"heading.default\">\n\t\t\t\t<div class=\"elementor-widget-container\">\n\t\t\t\t\t<h2 class=\"elementor-heading-title elementor-size-default\"><span class=\"text-theme\">RESTORAN <\/span>  ve CAFE<\/h2>\t\t\t\t<\/div>\n\t\t\t\t<\/div>\n\t\t\t\t<div class=\"elementor-element elementor-element-e8b1a34 elementor-invisible elementor-widget elementor-widget-text-editor\" data-id=\"e8b1a34\" data-element_type=\"widget\" data-e-type=\"widget\" data-settings=\"{&quot;_animation&quot;:&quot;slide-left&quot;,&quot;_animation_delay&quot;:200}\" data-widget_type=\"text-editor.default\">\n\t\t\t\t<div class=\"elementor-widget-container\">\n\t\t\t\t\t\t\t\t\t<p><strong>Do\u011fayla \u0130\u00e7 \u0130\u00e7e Lezzet Deneyimi<\/strong><\/p><p>Abant\u2019\u0131n e\u015fsiz do\u011fas\u0131nda yer alan restoran ve kafelerimiz, misafirlerimize gurme lezzetlerle unutulmaz anlar ya\u015fat\u0131yor. B\u00f6lgeye \u00f6zg\u00fc do\u011fal \u00fcr\u00fcnlerle haz\u0131rlanan men\u00fcler, her damak tad\u0131na hitap ederken huzurlu atmosferiyle de dinlendirici bir ortam sunuyor.<\/p><p><br \/>Sunulan Hizmetler ve Aktiviteler:<br \/>\u2022 G\u00f6l manzaral\u0131 a\u00e7\u0131k hava restoran\u0131<br \/>\u2022 Organik kahvalt\u0131 b\u00fcfesi<br \/>\u2022 \u015e\u00f6mine ba\u015f\u0131 kahve keyfi<br \/>\u2022 Y\u00f6resel yemek g\u00fcnleri<br \/>\u2022 Barbek\u00fc ve mangal alanlar\u0131<br \/>\u2022 Ak\u015fam canl\u0131 m\u00fczik e\u015fli\u011finde ak\u015fam yeme\u011fi<\/p>\t\t\t\t\t\t\t\t<\/div>\n\t\t\t\t<\/div>\n\t\t\t\t\t<\/div>\n\t\t<\/div>\n\t\t\t\t\t<\/div>\n\t\t<\/section>\n\t\t\t\t<section class=\"elementor-section elementor-top-section elementor-element elementor-element-957999c elementor-section-content-middle elementor-reverse-mobile elementor-section-boxed elementor-section-height-default elementor-section-height-default\" data-id=\"957999c\" data-element_type=\"section\" data-e-type=\"section\">\n\t\t\t\t\t\t<div class=\"elementor-container elementor-column-gap-extended\">\n\t\t\t\t\t<div class=\"elementor-column elementor-col-50 elementor-top-column elementor-element elementor-element-01e6843\" data-id=\"01e6843\" data-element_type=\"column\" data-e-type=\"column\">\n\t\t\t<div class=\"elementor-widget-wrap elementor-element-populated\">\n\t\t\t\t\t\t<div class=\"elementor-element elementor-element-8b8e973 elementor-invisible elementor-widget elementor-widget-heading\" data-id=\"8b8e973\" data-element_type=\"widget\" data-e-type=\"widget\" data-settings=\"{&quot;_animation&quot;:&quot;slide-right&quot;}\" data-widget_type=\"heading.default\">\n\t\t\t\t<div class=\"elementor-widget-container\">\n\t\t\t\t\t<h2 class=\"elementor-heading-title elementor-size-default\"><span class=\"text-theme\">SA\u011eLIK<\/span> &amp; SPA<\/h2>\t\t\t\t<\/div>\n\t\t\t\t<\/div>\n\t\t\t\t<div class=\"elementor-element elementor-element-62afed7 elementor-invisible elementor-widget elementor-widget-text-editor\" data-id=\"62afed7\" data-element_type=\"widget\" data-e-type=\"widget\" data-settings=\"{&quot;_animation&quot;:&quot;slide-right&quot;,&quot;_animation_delay&quot;:100}\" data-widget_type=\"text-editor.default\">\n\t\t\t\t<div class=\"elementor-widget-container\">\n\t\t\t\t\t\t\t\t\t<p><strong>Zihninizi ve Bedeninizi Yenileyin<br \/><br \/><\/strong>Tam donan\u0131ml\u0131 SPA ve terapi alanlar\u0131m\u0131z, hem fiziksel hem zihinsel olarak yenilenmeniz i\u00e7in tasarland\u0131. Do\u011fan\u0131n \u015fifal\u0131 dokunu\u015funu hissetmek isteyen misafirler i\u00e7in do\u011fal terapi ve masaj se\u00e7enekleri sunulmaktad\u0131r.<\/p><p>Sunulan Hizmetler ve Aktiviteler:<br \/>\u2022 T\u00fcrk hamam\u0131<br \/>\u2022 Buhar odas\u0131 ve sauna<br \/>\u2022 Aromaterapi ve bitkisel bak\u0131m seanslar\u0131<br \/>\u2022 Klasik ve derin doku masajlar\u0131<br \/>\u2022 Cilt bak\u0131m\u0131 ve do\u011fal ta\u015f terapileri<br \/>\u2022 Detoks programlar\u0131<\/p>\t\t\t\t\t\t\t\t<\/div>\n\t\t\t\t<\/div>\n\t\t\t\t\t<\/div>\n\t\t<\/div>\n\t\t\t\t<div class=\"elementor-column elementor-col-50 elementor-top-column elementor-element elementor-element-6b74ef7\" data-id=\"6b74ef7\" data-element_type=\"column\" data-e-type=\"column\">\n\t\t\t<div class=\"elementor-widget-wrap elementor-element-populated\">\n\t\t\t\t\t\t<div class=\"elementor-element elementor-element-19fd6b2 elementor-invisible elementor-widget elementor-widget-image\" data-id=\"19fd6b2\" data-element_type=\"widget\" data-e-type=\"widget\" data-settings=\"{&quot;_animation&quot;:&quot;slide-left&quot;,&quot;_animation_delay&quot;:300}\" data-widget_type=\"image.default\">\n\t\t\t\t<div class=\"elementor-widget-container\">\n\t\t\t\t\t\t\t\t\t\t\t\t\t\t\t<img decoding=\"async\" width=\"900\" height=\"960\" src=\"https:\/\/www.abantforlife.com.tr\/wp-content\/uploads\/2025\/05\/abantforlife-havuz.jpg\" class=\"attachment-full size-full wp-image-6269\" alt=\"\" srcset=\"https:\/\/www.abantforlife.com.tr\/wp-content\/uploads\/2025\/05\/abantforlife-havuz.jpg 900w, https:\/\/www.abantforlife.com.tr\/wp-content\/uploads\/2025\/05\/abantforlife-havuz-281x300.jpg 281w, https:\/\/www.abantforlife.com.tr\/wp-content\/uploads\/2025\/05\/abantforlife-havuz-768x819.jpg 768w\" sizes=\"(max-width: 900px) 100vw, 900px\" \/>\t\t\t\t\t\t\t\t\t\t\t\t\t\t\t<\/div>\n\t\t\t\t<\/div>\n\t\t\t\t\t<\/div>\n\t\t<\/div>\n\t\t\t\t\t<\/div>\n\t\t<\/section>\n\t\t\t\t<section class=\"elementor-section elementor-top-section elementor-element elementor-element-2748b32 elementor-section-content-middle elementor-section-boxed elementor-section-height-default elementor-section-height-default\" data-id=\"2748b32\" data-element_type=\"section\" data-e-type=\"section\">\n\t\t\t\t\t\t<div class=\"elementor-container elementor-column-gap-extended\">\n\t\t\t\t\t<div class=\"elementor-column elementor-col-50 elementor-top-column elementor-element elementor-element-5f1c572\" data-id=\"5f1c572\" data-element_type=\"column\" data-e-type=\"column\">\n\t\t\t<div class=\"elementor-widget-wrap elementor-element-populated\">\n\t\t\t\t\t\t<div class=\"elementor-element elementor-element-a31230e elementor-invisible elementor-widget elementor-widget-image\" data-id=\"a31230e\" data-element_type=\"widget\" data-e-type=\"widget\" data-settings=\"{&quot;_animation&quot;:&quot;slide-right&quot;}\" data-widget_type=\"image.default\">\n\t\t\t\t<div class=\"elementor-widget-container\">\n\t\t\t\t\t\t\t\t\t\t\t\t\t\t\t<img decoding=\"async\" width=\"900\" height=\"960\" src=\"https:\/\/www.abantforlife.com.tr\/wp-content\/uploads\/2025\/05\/abantforlife-havuz.jpg\" class=\"attachment-full size-full wp-image-6269\" alt=\"\" srcset=\"https:\/\/www.abantforlife.com.tr\/wp-content\/uploads\/2025\/05\/abantforlife-havuz.jpg 900w, https:\/\/www.abantforlife.com.tr\/wp-content\/uploads\/2025\/05\/abantforlife-havuz-281x300.jpg 281w, https:\/\/www.abantforlife.com.tr\/wp-content\/uploads\/2025\/05\/abantforlife-havuz-768x819.jpg 768w\" sizes=\"(max-width: 900px) 100vw, 900px\" \/>\t\t\t\t\t\t\t\t\t\t\t\t\t\t\t<\/div>\n\t\t\t\t<\/div>\n\t\t\t\t\t<\/div>\n\t\t<\/div>\n\t\t\t\t<div class=\"elementor-column elementor-col-50 elementor-top-column elementor-element elementor-element-b27141a\" data-id=\"b27141a\" data-element_type=\"column\" data-e-type=\"column\">\n\t\t\t<div class=\"elementor-widget-wrap elementor-element-populated\">\n\t\t\t\t\t\t<div class=\"elementor-element elementor-element-c24ee59 elementor-invisible elementor-widget elementor-widget-heading\" data-id=\"c24ee59\" data-element_type=\"widget\" data-e-type=\"widget\" data-settings=\"{&quot;_animation&quot;:&quot;slide-left&quot;,&quot;_animation_delay&quot;:100}\" data-widget_type=\"heading.default\">\n\t\t\t\t<div class=\"elementor-widget-container\">\n\t\t\t\t\t<h2 class=\"elementor-heading-title elementor-size-default\"><span class=\"text-theme\">KAPALI<\/span><br> Y\u00dcZME HAVUZU<\/h2>\t\t\t\t<\/div>\n\t\t\t\t<\/div>\n\t\t\t\t<div class=\"elementor-element elementor-element-c5a6627 elementor-invisible elementor-widget elementor-widget-text-editor\" data-id=\"c5a6627\" data-element_type=\"widget\" data-e-type=\"widget\" data-settings=\"{&quot;_animation&quot;:&quot;slide-left&quot;,&quot;_animation_delay&quot;:200}\" data-widget_type=\"text-editor.default\">\n\t\t\t\t<div class=\"elementor-widget-container\">\n\t\t\t\t\t\t\t\t\t<p><strong>4 Mevsim Serinlik ve Keyif<\/strong><\/p><p>Is\u0131tmal\u0131 kapal\u0131 y\u00fczme havuzumuz, y\u0131l\u0131n her g\u00fcn\u00fc tatilinizi konforla ge\u00e7irmeniz i\u00e7in hizmet vermektedir. Ailelere uygun g\u00fcvenli tasar\u0131m\u0131yla hem yeti\u015fkinler hem \u00e7ocuklar i\u00e7in ideal bir y\u00fczme deneyimi sunar.<\/p><p><br \/>Sunulan Hizmetler ve Aktiviteler:<br \/>\u2022 Is\u0131tmal\u0131 b\u00fcy\u00fck havuz<br \/>\u2022 \u00c7ocuklara \u00f6zel g\u00fcvenli y\u00fczme alan\u0131<br \/>\u2022 Aqua gym ve su terapileri<br \/>\u2022 Havuz ba\u015f\u0131nda dinlenme alanlar\u0131<br \/>\u2022 Haftal\u0131k y\u00fczme dersleri<br \/>\u2022 \u00d6zel y\u00fczme saatleri ve aile saatleri<\/p>\t\t\t\t\t\t\t\t<\/div>\n\t\t\t\t<\/div>\n\t\t\t\t\t<\/div>\n\t\t<\/div>\n\t\t\t\t\t<\/div>\n\t\t<\/section>\n\t\t\t\t<section class=\"elementor-section elementor-top-section elementor-element elementor-element-3afda75 elementor-section-content-middle elementor-reverse-mobile elementor-section-boxed elementor-section-height-default elementor-section-height-default\" data-id=\"3afda75\" data-element_type=\"section\" data-e-type=\"section\">\n\t\t\t\t\t\t<div class=\"elementor-container elementor-column-gap-extended\">\n\t\t\t\t\t<div class=\"elementor-column elementor-col-50 elementor-top-column elementor-element elementor-element-ab05880\" data-id=\"ab05880\" data-element_type=\"column\" data-e-type=\"column\">\n\t\t\t<div class=\"elementor-widget-wrap elementor-element-populated\">\n\t\t\t\t\t\t<div class=\"elementor-element elementor-element-e7c17b6 elementor-invisible elementor-widget elementor-widget-heading\" data-id=\"e7c17b6\" data-element_type=\"widget\" data-e-type=\"widget\" data-settings=\"{&quot;_animation&quot;:&quot;slide-right&quot;}\" data-widget_type=\"heading.default\">\n\t\t\t\t<div class=\"elementor-widget-container\">\n\t\t\t\t\t<h2 class=\"elementor-heading-title elementor-size-default\"><span class=\"text-theme\">Fitness<\/span> <br>ve SPor<\/h2>\t\t\t\t<\/div>\n\t\t\t\t<\/div>\n\t\t\t\t<div class=\"elementor-element elementor-element-3c11b3b elementor-invisible elementor-widget elementor-widget-text-editor\" data-id=\"3c11b3b\" data-element_type=\"widget\" data-e-type=\"widget\" data-settings=\"{&quot;_animation&quot;:&quot;slide-right&quot;,&quot;_animation_delay&quot;:100}\" data-widget_type=\"text-editor.default\">\n\t\t\t\t<div class=\"elementor-widget-container\">\n\t\t\t\t\t\t\t\t\t<p><strong>Formda Kal, Enerji Dolu Hisset<\/strong><\/p><p>Tatilde de aktif kalmak isteyen misafirler i\u00e7in modern ekipmanlarla donat\u0131lm\u0131\u015f fitness salonumuz hizmetinizde. Spor e\u011fitmenleri e\u015fli\u011finde yap\u0131labilecek g\u00fcnl\u00fck aktivitelerle formda kal\u0131rken enerjinizi art\u0131r\u0131n.<\/p><p>Sunulan Hizmetler ve Aktiviteler:<br \/>\u2022 Kardiyo ve a\u011f\u0131rl\u0131k ekipmanlar\u0131<br \/>\u2022 G\u00fcnl\u00fck sabah egzersizleri<br \/>\u2022 Yoga &amp; pilates dersleri<br \/>\u2022 Outdoor y\u00fcr\u00fcy\u00fc\u015f ve ko\u015fu rotalar\u0131<br \/>\u2022 Grup antrenman programlar\u0131<br \/>\u2022 \u00c7ocuklara \u00f6zel spor saatleri<\/p>\t\t\t\t\t\t\t\t<\/div>\n\t\t\t\t<\/div>\n\t\t\t\t\t<\/div>\n\t\t<\/div>\n\t\t\t\t<div class=\"elementor-column elementor-col-50 elementor-top-column elementor-element elementor-element-f200934\" data-id=\"f200934\" data-element_type=\"column\" data-e-type=\"column\">\n\t\t\t<div class=\"elementor-widget-wrap elementor-element-populated\">\n\t\t\t\t\t\t<div class=\"elementor-element elementor-element-46fe8e2 elementor-invisible elementor-widget elementor-widget-image\" data-id=\"46fe8e2\" data-element_type=\"widget\" data-e-type=\"widget\" data-settings=\"{&quot;_animation&quot;:&quot;slide-left&quot;,&quot;_animation_delay&quot;:300}\" data-widget_type=\"image.default\">\n\t\t\t\t<div class=\"elementor-widget-container\">\n\t\t\t\t\t\t\t\t\t\t\t\t\t\t\t<img decoding=\"async\" width=\"690\" height=\"690\" src=\"https:\/\/www.abantforlife.com.tr\/wp-content\/uploads\/2023\/03\/home86.jpg\" class=\"attachment-full size-full wp-image-994\" alt=\"\" srcset=\"https:\/\/www.abantforlife.com.tr\/wp-content\/uploads\/2023\/03\/home86.jpg 690w, https:\/\/www.abantforlife.com.tr\/wp-content\/uploads\/2023\/03\/home86-300x300.jpg 300w, https:\/\/www.abantforlife.com.tr\/wp-content\/uploads\/2023\/03\/home86-150x150.jpg 150w\" sizes=\"(max-width: 690px) 100vw, 690px\" \/>\t\t\t\t\t\t\t\t\t\t\t\t\t\t\t<\/div>\n\t\t\t\t<\/div>\n\t\t\t\t\t<\/div>\n\t\t<\/div>\n\t\t\t\t\t<\/div>\n\t\t<\/section>\n\t\t\t\t<\/div>\n\t\t","protected":false},"excerpt":{"rendered":"<p>RESTORAN ve CAFE Do\u011fayla \u0130\u00e7 \u0130\u00e7e Lezzet Deneyimi Abant\u2019\u0131n e\u015fsiz do\u011fas\u0131nda yer alan restoran ve kafelerimiz, misafirlerimize gurme lezzetlerle unutulmaz anlar ya\u015fat\u0131yor. B\u00f6lgeye \u00f6zg\u00fc do\u011fal \u00fcr\u00fcnlerle haz\u0131rlanan men\u00fcler, her damak tad\u0131na hitap ederken huzurlu atmosferiyle de dinlendirici bir ortam sunuyor. Sunulan Hizmetler ve Aktiviteler:\u2022 G\u00f6l manzaral\u0131 a\u00e7\u0131k hava restoran\u0131\u2022 Organik kahvalt\u0131 b\u00fcfesi\u2022 \u015e\u00f6mine ba\u015f\u0131 kahve [&hellip;]<\/p>\n","protected":false},"author":1,"featured_media":6269,"parent":0,"menu_order":0,"comment_status":"closed","ping_status":"closed","template":"elementor_header_footer","meta":{"_monsterinsights_skip_tracking":false,"_monsterinsights_sitenote_active":false,"_monsterinsights_sitenote_note":"","_monsterinsights_sitenote_category":0,"footnotes":""},"class_list":["post-77","page","type-page","status-publish","has-post-thumbnail","hentry"],"aioseo_notices":[],"_links":{"self":[{"href":"https:\/\/www.abantforlife.com.tr\/index.php\/wp-json\/wp\/v2\/pages\/77","targetHints":{"allow":["GET"]}}],"collection":[{"href":"https:\/\/www.abantforlife.com.tr\/index.php\/wp-json\/wp\/v2\/pages"}],"about":[{"href":"https:\/\/www.abantforlife.com.tr\/index.php\/wp-json\/wp\/v2\/types\/page"}],"author":[{"embeddable":true,"href":"https:\/\/www.abantforlife.com.tr\/index.php\/wp-json\/wp\/v2\/users\/1"}],"replies":[{"embeddable":true,"href":"https:\/\/www.abantforlife.com.tr\/index.php\/wp-json\/wp\/v2\/comments?post=77"}],"version-history":[{"count":8,"href":"https:\/\/www.abantforlife.com.tr\/index.php\/wp-json\/wp\/v2\/pages\/77\/revisions"}],"predecessor-version":[{"id":6564,"href":"https:\/\/www.abantforlife.com.tr\/index.php\/wp-json\/wp\/v2\/pages\/77\/revisions\/6564"}],"wp:featuredmedia":[{"embeddable":true,"href":"https:\/\/www.abantforlife.com.tr\/index.php\/wp-json\/wp\/v2\/media\/6269"}],"wp:attachment":[{"href":"https:\/\/www.abantforlife.com.tr\/index.php\/wp-json\/wp\/v2\/media?parent=77"}],"curies":[{"name":"wp","href":"https:\/\/api.w.org\/{rel}","templated":true}]}}