{"id":66,"date":"2023-03-09T02:28:51","date_gmt":"2023-03-09T02:28:51","guid":{"rendered":"https:\/\/demoapus1.com\/nerf\/?page_id=66"},"modified":"2025-07-06T00:44:03","modified_gmt":"2025-07-06T00:44:03","slug":"kurumsal","status":"publish","type":"page","link":"https:\/\/www.abantforlife.com.tr\/index.php\/kurumsal\/","title":{"rendered":"Kurumsal"},"content":{"rendered":"\t\t<div data-elementor-type=\"wp-page\" data-elementor-id=\"66\" class=\"elementor elementor-66\">\n\t\t\t\t<div class=\"elementor-element elementor-element-dbd246f e-con-full e-flex e-con e-parent\" data-id=\"dbd246f\" data-element_type=\"container\" data-e-type=\"container\" data-settings=\"{&quot;background_background&quot;:&quot;classic&quot;}\">\n\t\t\t\t<\/div>\n\t\t<div class=\"elementor-element elementor-element-befee22 e-con-full e-flex e-con e-parent\" data-id=\"befee22\" data-element_type=\"container\" data-e-type=\"container\">\n\t\t\t\t<div class=\"elementor-element elementor-element-41f4362 elementor-widget elementor-widget-image\" data-id=\"41f4362\" data-element_type=\"widget\" data-e-type=\"widget\" data-widget_type=\"image.default\">\n\t\t\t\t<div class=\"elementor-widget-container\">\n\t\t\t\t\t\t\t\t\t\t\t\t\t\t\t<img fetchpriority=\"high\" decoding=\"async\" width=\"2560\" height=\"862\" src=\"https:\/\/www.abantforlife.com.tr\/wp-content\/uploads\/2025\/05\/faraz-grup-scaled.jpg\" class=\"attachment-full size-full wp-image-6549\" alt=\"faraz-grup\" srcset=\"https:\/\/www.abantforlife.com.tr\/wp-content\/uploads\/2025\/05\/faraz-grup-scaled.jpg 2560w, https:\/\/www.abantforlife.com.tr\/wp-content\/uploads\/2025\/05\/faraz-grup-300x101.jpg 300w, https:\/\/www.abantforlife.com.tr\/wp-content\/uploads\/2025\/05\/faraz-grup-1024x345.jpg 1024w, https:\/\/www.abantforlife.com.tr\/wp-content\/uploads\/2025\/05\/faraz-grup-768x259.jpg 768w, https:\/\/www.abantforlife.com.tr\/wp-content\/uploads\/2025\/05\/faraz-grup-1536x517.jpg 1536w, https:\/\/www.abantforlife.com.tr\/wp-content\/uploads\/2025\/05\/faraz-grup-2048x689.jpg 2048w\" sizes=\"(max-width: 2560px) 100vw, 2560px\" \/>\t\t\t\t\t\t\t\t\t\t\t\t\t\t\t<\/div>\n\t\t\t\t<\/div>\n\t\t\t\t<\/div>\n\t\t\t\t<section class=\"elementor-section elementor-top-section elementor-element elementor-element-2025def elementor-section-stretched elementor-section-content-middle elementor-section-boxed elementor-section-height-default elementor-section-height-default\" data-id=\"2025def\" data-element_type=\"section\" data-e-type=\"section\" data-settings=\"{&quot;stretch_section&quot;:&quot;section-stretched&quot;}\">\n\t\t\t\t\t\t<div class=\"elementor-container elementor-column-gap-extended\">\n\t\t\t\t\t<div class=\"elementor-column elementor-col-100 elementor-top-column elementor-element elementor-element-72424f6\" data-id=\"72424f6\" data-element_type=\"column\" data-e-type=\"column\">\n\t\t\t<div class=\"elementor-widget-wrap elementor-element-populated\">\n\t\t\t\t\t\t<div class=\"elementor-element elementor-element-42ab0f5 elementor-invisible elementor-widget elementor-widget-heading\" data-id=\"42ab0f5\" data-element_type=\"widget\" data-e-type=\"widget\" data-settings=\"{&quot;_animation&quot;:&quot;slide-up&quot;}\" data-widget_type=\"heading.default\">\n\t\t\t\t<div class=\"elementor-widget-container\">\n\t\t\t\t\t<h2 class=\"elementor-heading-title elementor-size-default\">FARAZ GRUP <span class=\"text-theme\">G\u00dcVENCES\u0130YLE<\/span><\/h2>\t\t\t\t<\/div>\n\t\t\t\t<\/div>\n\t\t\t\t<div class=\"elementor-element elementor-element-9dad4fb elementor-invisible elementor-widget elementor-widget-text-editor\" data-id=\"9dad4fb\" data-element_type=\"widget\" data-e-type=\"widget\" data-settings=\"{&quot;_animation&quot;:&quot;slide-up&quot;,&quot;_animation_delay&quot;:200}\" data-widget_type=\"text-editor.default\">\n\t\t\t\t<div class=\"elementor-widget-container\">\n\t\t\t\t\t\t\t\t\t<p>Abant For Life, gayrimenkul, turizm ve yat\u0131r\u0131m alanlar\u0131nda uzun y\u0131llara dayanan tecr\u00fcbeye sahip Faraz Grup g\u00fcvencesiyle hayata ge\u00e7irilmi\u015ftir.<br \/>Faraz Grup\u2019un kalite, s\u00fcrd\u00fcr\u00fclebilirlik ve kullan\u0131c\u0131 memnuniyeti odakl\u0131 yakla\u015f\u0131m\u0131, bu projede de kendini a\u00e7\u0131k\u00e7a g\u00f6stermektedir.<\/p>\t\t\t\t\t\t\t\t<\/div>\n\t\t\t\t<\/div>\n\t\t\t\t<div class=\"elementor-element elementor-element-b2dcefd elementor-invisible elementor-widget elementor-widget-text-editor\" data-id=\"b2dcefd\" data-element_type=\"widget\" data-e-type=\"widget\" data-settings=\"{&quot;_animation&quot;:&quot;slide-up&quot;,&quot;_animation_delay&quot;:300}\" data-widget_type=\"text-editor.default\">\n\t\t\t\t<div class=\"elementor-widget-container\">\n\t\t\t\t\t\t\t\t\t<p>Faraz Grup, T\u00fcrkiye\u2019de bir\u00e7ok ba\u015far\u0131l\u0131 konut ve ya\u015fam projesine imza atm\u0131\u015f, yat\u0131r\u0131mc\u0131s\u0131na g\u00fcven veren k\u00f6kl\u00fc bir kurulu\u015ftur.<br \/>\u0130n\u015faat, turizm, enerji ve yenilik\u00e7i ya\u015fam konseptlerinde faaliyet g\u00f6steren grup; her projesinde b\u00f6lgesel kalk\u0131nmay\u0131 ve kullan\u0131c\u0131 deneyimini \u00f6n planda tutar.<\/p>\t\t\t\t\t\t\t\t<\/div>\n\t\t\t\t<\/div>\n\t\t\t\t\t<\/div>\n\t\t<\/div>\n\t\t\t\t\t<\/div>\n\t\t<\/section>\n\t\t<div class=\"elementor-element elementor-element-557d654 e-flex e-con-boxed e-con e-parent\" data-id=\"557d654\" data-element_type=\"container\" data-e-type=\"container\">\n\t\t\t\t\t<div class=\"e-con-inner\">\n\t\t\t\t<div class=\"elementor-element elementor-element-fc14f44 elementor-widget elementor-widget-image\" data-id=\"fc14f44\" data-element_type=\"widget\" data-e-type=\"widget\" data-widget_type=\"image.default\">\n\t\t\t\t<div class=\"elementor-widget-container\">\n\t\t\t\t\t\t\t\t\t\t\t\t\t\t\t<img decoding=\"async\" width=\"836\" height=\"236\" src=\"https:\/\/www.abantforlife.com.tr\/wp-content\/uploads\/2025\/05\/Faraz-Logo.png\" class=\"attachment-full size-full wp-image-6550\" alt=\"Faraz-Logo\" srcset=\"https:\/\/www.abantforlife.com.tr\/wp-content\/uploads\/2025\/05\/Faraz-Logo.png 836w, https:\/\/www.abantforlife.com.tr\/wp-content\/uploads\/2025\/05\/Faraz-Logo-300x85.png 300w, https:\/\/www.abantforlife.com.tr\/wp-content\/uploads\/2025\/05\/Faraz-Logo-768x217.png 768w\" sizes=\"(max-width: 836px) 100vw, 836px\" \/>\t\t\t\t\t\t\t\t\t\t\t\t\t\t\t<\/div>\n\t\t\t\t<\/div>\n\t\t\t\t\t<\/div>\n\t\t\t\t<\/div>\n\t\t\t\t<section class=\"elementor-section elementor-top-section elementor-element elementor-element-aa1de98 elementor-section-stretched elementor-section-boxed elementor-section-height-default elementor-section-height-default\" data-id=\"aa1de98\" data-element_type=\"section\" data-e-type=\"section\" data-settings=\"{&quot;stretch_section&quot;:&quot;section-stretched&quot;}\">\n\t\t\t\t\t\t<div class=\"elementor-container elementor-column-gap-extended\">\n\t\t\t\t\t<div class=\"elementor-column elementor-col-33 elementor-top-column elementor-element elementor-element-bff1288 elementor-invisible\" data-id=\"bff1288\" data-element_type=\"column\" data-e-type=\"column\" data-settings=\"{&quot;animation&quot;:&quot;slide-up&quot;}\">\n\t\t\t<div class=\"elementor-widget-wrap elementor-element-populated\">\n\t\t\t\t\t\t<div class=\"elementor-element elementor-element-d3a173d elementor-widget elementor-widget-counter\" data-id=\"d3a173d\" data-element_type=\"widget\" data-e-type=\"widget\" data-widget_type=\"counter.default\">\n\t\t\t\t<div class=\"elementor-widget-container\">\n\t\t\t\t\t\t\t<div class=\"elementor-counter\">\n\t\t\t\t\t\t<div class=\"elementor-counter-number-wrapper\">\n\t\t\t\t<span class=\"elementor-counter-number-prefix\"><\/span>\n\t\t\t\t<span class=\"elementor-counter-number\" data-duration=\"2000\" data-to-value=\"25\" data-from-value=\"0\" data-delimiter=\",\">0<\/span>\n\t\t\t\t<span class=\"elementor-counter-number-suffix\">+<\/span>\n\t\t\t<\/div>\n\t\t<\/div>\n\t\t\t\t\t\t<\/div>\n\t\t\t\t<\/div>\n\t\t\t\t<div class=\"elementor-element elementor-element-d231d89 elementor-widget__width-auto elementor-absolute elementor-widget elementor-widget-heading\" data-id=\"d231d89\" data-element_type=\"widget\" data-e-type=\"widget\" data-settings=\"{&quot;_position&quot;:&quot;absolute&quot;}\" data-widget_type=\"heading.default\">\n\t\t\t\t<div class=\"elementor-widget-container\">\n\t\t\t\t\t<h2 class=\"elementor-heading-title elementor-size-default\">Ba\u015far\u0131l\u0131 Proje<\/h2>\t\t\t\t<\/div>\n\t\t\t\t<\/div>\n\t\t\t\t\t<\/div>\n\t\t<\/div>\n\t\t\t\t<div class=\"elementor-column elementor-col-33 elementor-top-column elementor-element elementor-element-e8b78ff elementor-invisible\" data-id=\"e8b78ff\" data-element_type=\"column\" data-e-type=\"column\" data-settings=\"{&quot;animation&quot;:&quot;slide-up&quot;,&quot;animation_delay&quot;:150}\">\n\t\t\t<div class=\"elementor-widget-wrap elementor-element-populated\">\n\t\t\t\t\t\t<div class=\"elementor-element elementor-element-df4fac8 elementor-widget elementor-widget-counter\" data-id=\"df4fac8\" data-element_type=\"widget\" data-e-type=\"widget\" data-widget_type=\"counter.default\">\n\t\t\t\t<div class=\"elementor-widget-container\">\n\t\t\t\t\t\t\t<div class=\"elementor-counter\">\n\t\t\t\t\t\t<div class=\"elementor-counter-number-wrapper\">\n\t\t\t\t<span class=\"elementor-counter-number-prefix\"><\/span>\n\t\t\t\t<span class=\"elementor-counter-number\" data-duration=\"2000\" data-to-value=\"950\" data-from-value=\"0\" data-delimiter=\",\">0<\/span>\n\t\t\t\t<span class=\"elementor-counter-number-suffix\">+<\/span>\n\t\t\t<\/div>\n\t\t<\/div>\n\t\t\t\t\t\t<\/div>\n\t\t\t\t<\/div>\n\t\t\t\t<div class=\"elementor-element elementor-element-f1bb008 elementor-widget__width-auto elementor-absolute elementor-widget elementor-widget-heading\" data-id=\"f1bb008\" data-element_type=\"widget\" data-e-type=\"widget\" data-settings=\"{&quot;_position&quot;:&quot;absolute&quot;}\" data-widget_type=\"heading.default\">\n\t\t\t\t<div class=\"elementor-widget-container\">\n\t\t\t\t\t<h2 class=\"elementor-heading-title elementor-size-default\">Teslim ED\u0130LEN KONUT<\/h2>\t\t\t\t<\/div>\n\t\t\t\t<\/div>\n\t\t\t\t\t<\/div>\n\t\t<\/div>\n\t\t\t\t<div class=\"elementor-column elementor-col-33 elementor-top-column elementor-element elementor-element-da8bffe elementor-invisible\" data-id=\"da8bffe\" data-element_type=\"column\" data-e-type=\"column\" data-settings=\"{&quot;animation&quot;:&quot;slide-up&quot;,&quot;animation_delay&quot;:450}\">\n\t\t\t<div class=\"elementor-widget-wrap elementor-element-populated\">\n\t\t\t\t\t\t<div class=\"elementor-element elementor-element-60394bc elementor-widget elementor-widget-counter\" data-id=\"60394bc\" data-element_type=\"widget\" data-e-type=\"widget\" data-widget_type=\"counter.default\">\n\t\t\t\t<div class=\"elementor-widget-container\">\n\t\t\t\t\t\t\t<div class=\"elementor-counter\">\n\t\t\t\t\t\t<div class=\"elementor-counter-number-wrapper\">\n\t\t\t\t<span class=\"elementor-counter-number-prefix\"><\/span>\n\t\t\t\t<span class=\"elementor-counter-number\" data-duration=\"2000\" data-to-value=\"1000\" data-from-value=\"0\" data-delimiter=\",\">0<\/span>\n\t\t\t\t<span class=\"elementor-counter-number-suffix\">+<\/span>\n\t\t\t<\/div>\n\t\t<\/div>\n\t\t\t\t\t\t<\/div>\n\t\t\t\t<\/div>\n\t\t\t\t<div class=\"elementor-element elementor-element-4c4d951 elementor-widget__width-auto elementor-absolute elementor-widget elementor-widget-heading\" data-id=\"4c4d951\" data-element_type=\"widget\" data-e-type=\"widget\" data-settings=\"{&quot;_position&quot;:&quot;absolute&quot;}\" data-widget_type=\"heading.default\">\n\t\t\t\t<div class=\"elementor-widget-container\">\n\t\t\t\t\t<h2 class=\"elementor-heading-title elementor-size-default\">MEMNUN M\u00dc\u015eTER\u0130<\/h2>\t\t\t\t<\/div>\n\t\t\t\t<\/div>\n\t\t\t\t\t<\/div>\n\t\t<\/div>\n\t\t\t\t\t<\/div>\n\t\t<\/section>\n\t\t\t\t<section class=\"elementor-section elementor-top-section elementor-element elementor-element-30cb129 elementor-section-content-middle elementor-section-stretched elementor-section-boxed elementor-section-height-default elementor-section-height-default\" data-id=\"30cb129\" data-element_type=\"section\" data-e-type=\"section\" data-settings=\"{&quot;background_background&quot;:&quot;classic&quot;,&quot;stretch_section&quot;:&quot;section-stretched&quot;}\">\n\t\t\t\t\t\t<div class=\"elementor-container elementor-column-gap-extended\">\n\t\t\t\t\t<div class=\"elementor-column elementor-col-50 elementor-top-column elementor-element elementor-element-95054ed elementor-invisible\" data-id=\"95054ed\" data-element_type=\"column\" data-e-type=\"column\" data-settings=\"{&quot;animation&quot;:&quot;slide-up&quot;}\">\n\t\t\t<div class=\"elementor-widget-wrap elementor-element-populated\">\n\t\t\t\t\t\t<div class=\"elementor-element elementor-element-33f8814 elementor-widget elementor-widget-heading\" data-id=\"33f8814\" data-element_type=\"widget\" data-e-type=\"widget\" data-widget_type=\"heading.default\">\n\t\t\t\t<div class=\"elementor-widget-container\">\n\t\t\t\t\t<h2 class=\"elementor-heading-title elementor-size-default\">Her Projede Ayn\u0131 De\u011fer: G\u00fcven<\/h2>\t\t\t\t<\/div>\n\t\t\t\t<\/div>\n\t\t\t\t<div class=\"elementor-element elementor-element-f97a5ae elementor-widget elementor-widget-text-editor\" data-id=\"f97a5ae\" data-element_type=\"widget\" data-e-type=\"widget\" data-widget_type=\"text-editor.default\">\n\t\t\t\t<div class=\"elementor-widget-container\">\n\t\t\t\t\t\t\t\t\t<p>Faraz Grup, yaln\u0131zca yap\u0131lar de\u011fil, uzun vadeli de\u011ferler in\u015fa eder.<br \/><br \/>Abant For Life projesi, bu yakla\u015f\u0131m\u0131n bir yans\u0131mas\u0131 olarak hem do\u011fa ile i\u00e7 i\u00e7e hem de y\u00fcksek ya\u015fam standartlar\u0131na sahip bir ya\u015fam alan\u0131 sunuyor.At egestas pulvinar faucibus sit ullamcorper venenatis eget. Vulputate magna nullam et aliquam fermentum vitae.<\/p>\t\t\t\t\t\t\t\t<\/div>\n\t\t\t\t<\/div>\n\t\t\t\t\t<\/div>\n\t\t<\/div>\n\t\t\t\t<div class=\"elementor-column elementor-col-50 elementor-top-column elementor-element elementor-element-2acb794\" data-id=\"2acb794\" data-element_type=\"column\" data-e-type=\"column\">\n\t\t\t<div class=\"elementor-widget-wrap elementor-element-populated\">\n\t\t\t\t\t\t<div class=\"elementor-element elementor-element-dfc5735 elementor-align-right elementor-mobile-align-left elementor-invisible elementor-widget elementor-widget-button\" data-id=\"dfc5735\" data-element_type=\"widget\" data-e-type=\"widget\" data-settings=\"{&quot;_animation&quot;:&quot;scale&quot;,&quot;_animation_delay&quot;:200}\" data-widget_type=\"button.default\">\n\t\t\t\t<div class=\"elementor-widget-container\">\n\t\t\t\t\t\t\t\t\t<div class=\"elementor-button-wrapper\">\n\t\t\t\t\t<a class=\"elementor-button elementor-button-link elementor-size-sm\" href=\"https:\/\/farazgrup.com.tr\/\">\n\t\t\t\t\t\t<span class=\"elementor-button-content-wrapper\">\n\t\t\t\t\t\t\t\t\t<span class=\"elementor-button-text\">farazgrup.com.tr<\/span>\n\t\t\t\t\t<\/span>\n\t\t\t\t\t<\/a>\n\t\t\t\t<\/div>\n\t\t\t\t\t\t\t\t<\/div>\n\t\t\t\t<\/div>\n\t\t\t\t\t<\/div>\n\t\t<\/div>\n\t\t\t\t\t<\/div>\n\t\t<\/section>\n\t\t\t\t<\/div>\n\t\t","protected":false},"excerpt":{"rendered":"<p>FARAZ GRUP G\u00dcVENCES\u0130YLE Abant For Life, gayrimenkul, turizm ve yat\u0131r\u0131m alanlar\u0131nda uzun y\u0131llara dayanan tecr\u00fcbeye sahip Faraz Grup g\u00fcvencesiyle hayata ge\u00e7irilmi\u015ftir.Faraz Grup\u2019un kalite, s\u00fcrd\u00fcr\u00fclebilirlik ve kullan\u0131c\u0131 memnuniyeti odakl\u0131 yakla\u015f\u0131m\u0131, bu projede de kendini a\u00e7\u0131k\u00e7a g\u00f6stermektedir. Faraz Grup, T\u00fcrkiye\u2019de bir\u00e7ok ba\u015far\u0131l\u0131 konut ve ya\u015fam projesine imza atm\u0131\u015f, yat\u0131r\u0131mc\u0131s\u0131na g\u00fcven veren k\u00f6kl\u00fc bir kurulu\u015ftur.\u0130n\u015faat, turizm, enerji ve [&hellip;]<\/p>\n","protected":false},"author":1,"featured_media":0,"parent":0,"menu_order":0,"comment_status":"closed","ping_status":"closed","template":"elementor_header_footer","meta":{"_monsterinsights_skip_tracking":false,"_monsterinsights_sitenote_active":false,"_monsterinsights_sitenote_note":"","_monsterinsights_sitenote_category":0,"footnotes":""},"class_list":["post-66","page","type-page","status-publish","hentry"],"aioseo_notices":[],"_links":{"self":[{"href":"https:\/\/www.abantforlife.com.tr\/index.php\/wp-json\/wp\/v2\/pages\/66","targetHints":{"allow":["GET"]}}],"collection":[{"href":"https:\/\/www.abantforlife.com.tr\/index.php\/wp-json\/wp\/v2\/pages"}],"about":[{"href":"https:\/\/www.abantforlife.com.tr\/index.php\/wp-json\/wp\/v2\/types\/page"}],"author":[{"embeddable":true,"href":"https:\/\/www.abantforlife.com.tr\/index.php\/wp-json\/wp\/v2\/users\/1"}],"replies":[{"embeddable":true,"href":"https:\/\/www.abantforlife.com.tr\/index.php\/wp-json\/wp\/v2\/comments?post=66"}],"version-history":[{"count":14,"href":"https:\/\/www.abantforlife.com.tr\/index.php\/wp-json\/wp\/v2\/pages\/66\/revisions"}],"predecessor-version":[{"id":6591,"href":"https:\/\/www.abantforlife.com.tr\/index.php\/wp-json\/wp\/v2\/pages\/66\/revisions\/6591"}],"wp:attachment":[{"href":"https:\/\/www.abantforlife.com.tr\/index.php\/wp-json\/wp\/v2\/media?parent=66"}],"curies":[{"name":"wp","href":"https:\/\/api.w.org\/{rel}","templated":true}]}}